{"id":3756,"date":"2021-05-26T17:45:12","date_gmt":"2021-05-26T20:45:12","guid":{"rendered":"https:\/\/pruebas.gux.cl\/?page_id=3756"},"modified":"2022-09-08T17:28:37","modified_gmt":"2022-09-08T21:28:37","slug":"lodos-y-biodigestion-de-solidos","status":"publish","type":"page","link":"https:\/\/www.ecopreneur.cl\/en\/lodos-y-biodigestion-de-solidos\/","title":{"rendered":"Sludge And Solids Biodigestion"},"content":{"rendered":"<div data-vc-full-width=\"true\" data-vc-full-width-init=\"false\" class=\"vc_row wpb_row vc_row-fluid vc_custom_1651536755960 vc_row-has-fill vc_row-o-full-height vc_row-o-columns-middle vc_row-o-equal-height vc_row-o-content-middle vc_row-flex wd-rs-62707367c48a5\"><div class=\"wpb_column vc_column_container vc_col-sm-6 wd-alignment-left\"><div class=\"vc_column-inner\"><div class=\"wpb_wrapper\"><div class=\"vc_separator wpb_content_element vc_separator_align_left vc_sep_width_50 vc_sep_border_width_2 vc_sep_pos_align_left vc_sep_color_blue wpb_animate_when_almost_visible wpb_bounceIn bounceIn vc_separator-has-text\" ><span class=\"vc_sep_holder vc_sep_holder_l\"><span  class=\"vc_sep_line\"><\/span><\/span><h4>Sludge And Solids Biodigestion<\/h4><span class=\"vc_sep_holder vc_sep_holder_r\"><span  class=\"vc_sep_line\"><\/span><\/span>\n<\/div>\n\t<div class=\"wpb_text_column wpb_content_element\" >\n\t\t<div class=\"wpb_wrapper\">\n\t\t\t<h3 class=\"title-24\">Wastewater treatment processes, whether physical-chemical and\/or biological, produce sludge (solids).<\/h3>\n<p>&nbsp;<\/p>\n\n\t\t<\/div>\n\t<\/div>\n<\/div><\/div><\/div><div class=\"wpb_column vc_column_container vc_col-sm-6 wd-alignment-left wd-rs-627051ca9346e\"><div class=\"vc_column-inner vc_custom_1651528150646\"><div class=\"wpb_wrapper\">\n\t<div class=\"wpb_text_column wpb_content_element\" >\n\t\t<div class=\"wpb_wrapper\">\n\t\t\t<p>Wastewater treatment processes, whether physical-chemical and\/or biological, produce sludge (solids) which to be used and\/or disposed of, they must follow a specific treatment that aims to mitigate the environmental impact to comply with current regulations and\/or to be used to generate electrical or thermal energy.<\/p>\n\n\t\t<\/div>\n\t<\/div>\n\t\t\t<link rel=\"stylesheet\" id=\"wd-list-css\" href=\"https:\/\/www.ecopreneur.cl\/wp-content\/themes\/woodmart\/css\/parts\/el-list.min.css?ver=6.3.3\" type=\"text\/css\" media=\"all\" \/> \t\t\t\n\t\t<ul class=\"wd-rs-62706967c9ed8 wd-list wd-wpb color-scheme- wd-fontsize-xs wd-list-type-icon wd-list-style-default wd-justify-left\" id=\"wd-62706967c9ed8\">\n\t\t\t\t\t\t\t\t\t\t\t<li>\n\t\t\t\t\t<span class=\"list-icon far fa-check-circle\"><\/span>\n\t\t\t\t\t<span class=\"list-content\">Mud thickening.<\/span>\n\t\t\t\t\t\t\t\t\t<\/li>\n\t\t\t\t\t\t\t\t\t\t\t<li>\n\t\t\t\t\t<span class=\"list-icon far fa-check-circle\"><\/span>\n\t\t\t\t\t<span class=\"list-content\">Sludge dewatering.<\/span>\n\t\t\t\t\t\t\t\t\t<\/li>\n\t\t\t\t\t\t\t\t\t\t\t<li>\n\t\t\t\t\t<span class=\"list-icon far fa-check-circle\"><\/span>\n\t\t\t\t\t<span class=\"list-content\">Dosing systems\n<\/span>\n\t\t\t\t\t\t\t\t\t<\/li>\n\t\t\t\t\t\t\t\t\t\t\t<li>\n\t\t\t\t\t<span class=\"list-icon far fa-check-circle\"><\/span>\n\t\t\t\t\t<span class=\"list-content\">Mud calcimine.<\/span>\n\t\t\t\t\t\t\t\t\t<\/li>\n\t\t\t\t\t\t\t\t\t\t\t<li>\n\t\t\t\t\t<span class=\"list-icon far fa-check-circle\"><\/span>\n\t\t\t\t\t<span class=\"list-content\">Sun drying.<\/span>\n\t\t\t\t\t\t\t\t\t<\/li>\n\t\t\t\t\t\t\t\t\t\t\t<li>\n\t\t\t\t\t<span class=\"list-icon far fa-check-circle\"><\/span>\n\t\t\t\t\t<span class=\"list-content\">Solids biodigestion.<\/span>\n\t\t\t\t\t\t\t\t\t<\/li>\n\t\t\t\t\t\t\t\t\t\t\t<li>\n\t\t\t\t\t<span class=\"list-icon far fa-check-circle\"><\/span>\n\t\t\t\t\t<span class=\"list-content\">Dehydrated - Mobile calcimine<\/span>\n\t\t\t\t\t\t\t\t\t<\/li>\n\t\t\t\t\t<\/ul>\n\t\t<\/div><\/div><\/div><\/div><div class=\"vc_row-full-width vc_clearfix\"><\/div><div data-vc-full-width=\"true\" data-vc-full-width-init=\"false\" data-vc-stretch-content=\"true\" class=\"vc_row wpb_row vc_row-fluid vc_custom_1651536364194 vc_row-has-fill vc_row-no-padding wd-rs-627071d34d065\"><div class=\"wpb_column vc_column_container vc_col-sm-12 wd-alignment-left\"><div class=\"vc_column-inner\"><div class=\"wpb_wrapper\"><div class=\"vc_separator wpb_content_element vc_separator_align_center vc_sep_width_100 vc_sep_pos_align_center vc_sep_color_blue vc_custom_1651536392571 title-30 wpb_animate_when_almost_visible wpb_bounceIn bounceIn vc_separator-has-text\" ><span class=\"vc_sep_holder vc_sep_holder_l\"><span  class=\"vc_sep_line\"><\/span><\/span><h4>Featured Projects<\/h4><span class=\"vc_sep_holder vc_sep_holder_r\"><span  class=\"vc_sep_line\"><\/span><\/span>\n<\/div>\t\n\t<style>\n.inner-carousel-item {  position: relative;  height: 220px;overflow: hidden;}\n.inner-carousel-item img{position:absolute;left:0;top:0;width:100%;height:100%;object-fit:cover}\n.inner-carousel-item .cap{position: absolute; width:100%;height:100%;left:0;top:0;background:transparent;z-index: 9;transition:all 500ms ease-in}\n.inner-carousel-item .title-box-item{ background:#fff; position:absolute;width:80%;left:10%;bottom:7%;\npadding: 12px 8px ; border-radius:8px; color:#575757; font-weight:bold;font-size:14px;\ntext-decoration:none}\n.inner-carousel-item .mid-title {opacity: 1;\n\tposition: absolute;\n    left: 0;\n    top: 50%;\n    display: block;\n    width: 100%;\n   \n    font-weight: bold;\n    text-align: center;\n    text-decoration: none;\n    text-transform: uppercase;\n    \n    margin-top: -15px;\n\ttransition:all 500ms ease-in}\n\t.inner-carousel-item .cap{background:rgb(0 0 0 \/ 40%);}\n\t.cat-project{display:block; margin-bottom:3px;}\n\t.cat-project a{font-size:12px; color:#d5d5d5;font-weight:normal; text-shadow: 0 0 7px #000;}\n\t.title-link-fdv{font-size: 14px; color:#d5d5d5; text-shadow: 0 0 7px #000;}\n\t.title-link-fdv:hover{color:#f3f3f3;}\n\t\n\/*\t#proyectos .owl-dots{display:block;}*\/\n<\/style>\n<div id=\"\" class=\"owl-carousel owl-theme -c\">\t\t<div class=\"item-sld-crr\">\n\t\t\t<div class=\"inner-carousel-item\">\n\t\t\t\t<img loading=\"lazy\" decoding=\"async\" width=\"474\" height=\"360\" src=\"https:\/\/www.ecopreneur.cl\/wp-content\/uploads\/2022\/04\/image2.png\" class=\"attachment-4847 size-4847 wp-post-image\" alt=\"\" medium=\"\" srcset=\"https:\/\/www.ecopreneur.cl\/wp-content\/uploads\/2022\/04\/image2.png 474w, https:\/\/www.ecopreneur.cl\/wp-content\/uploads\/2022\/04\/image2-300x228.png 300w\" sizes=\"auto, (max-width: 474px) 100vw, 474px\" \/>\t\t\t\t<div class=\"cap\">\n\t\t\t\t        <div  class=\"mid-title\">\n\t\t\t\t            <span class=\"cat-project\"><a href=\"https:\/\/www.ecopreneur.cl\/en\/portfolio\/deshidratado-de-lodos\/\">SLUDGE<\/a><\/span>\n\t\t\t\t\t\t    <a class=\"title-link-fdv\" href=\"https:\/\/www.ecopreneur.cl\/en\/portfolio\/deshidratado-de-lodos\/\">\n\t\t\t\t\t\tEssbio Mobile Sludge Dewatering System<\/a><\/div>\n\t\t\t\t\t\t\n\t\t\t\t<\/div>\n\t\t\t<\/div>\n\t\t<\/div>\n\t<\/div>\n\t<div class=\"wpb_text_column wpb_content_element\" >\n\t\t<div class=\"wpb_wrapper\">\n\t\t\t\n\n\t\t<\/div>\n\t<\/div>\n<\/div><\/div><\/div><\/div><div class=\"vc_row-full-width vc_clearfix\"><\/div><div class=\"vc_row wpb_row vc_row-fluid vc_custom_1651529337860 wd-rs-6270566ec0dfc\"><div class=\"wpb_column vc_column_container vc_col-sm-12 wd-alignment-left\"><div class=\"vc_column-inner\"><div class=\"wpb_wrapper\"><div class=\"vc_separator wpb_content_element vc_separator_align_center vc_sep_width_100 vc_sep_pos_align_center vc_sep_color_blue title-30 wpb_animate_when_almost_visible wpb_bounceIn bounceIn vc_separator-has-text\" ><span class=\"vc_sep_holder vc_sep_holder_l\"><span  class=\"vc_sep_line\"><\/span><\/span><h4>Do you want more information?<\/h4><span class=\"vc_sep_holder vc_sep_holder_r\"><span  class=\"vc_sep_line\"><\/span><\/span>\n<\/div><\/div><\/div><\/div><\/div><div class=\"vc_row wpb_row vc_row-fluid\"><div class=\"wpb_column vc_column_container vc_col-sm-12 wd-alignment-left\"><div class=\"vc_column-inner\"><div class=\"wpb_wrapper\">\n\t<div class=\"wpb_text_column wpb_content_element\" >\n\t\t<div class=\"wpb_wrapper\">\n\t\t\t<h4 style=\"text-align: center;\">Complete our form and we will contact you shortly<\/h4>\n\n\t\t<\/div>\n\t<\/div>\n<div class=\"vc_btn3-container vc_btn3-center vc_custom_1653534651779\" ><a class=\"vc_general vc_btn3 vc_btn3-size-lg vc_btn3-shape-rounded vc_btn3-style-modern vc_btn3-icon-left vc_btn3-color-success\" href=\"http:\/\/www.ecopreneur.cl\/en\/contacto\/\" title=\"Contact\"><i class=\"vc_btn3-icon fas fa-paper-plane\"><\/i> Contact us<\/a><\/div><\/div><\/div><\/div><\/div>","protected":false},"excerpt":{"rendered":"Cliente ESSBIO Fecha 2015 Caudal 19.008 m3\/d Soluci\u00f3n Tratamiento de lodos y biodigesti\u00f3n de s\u00f3lidos Sistema Deshidratado M\u00f3vil Suministro de","protected":false},"author":4,"featured_media":0,"parent":0,"menu_order":0,"comment_status":"closed","ping_status":"closed","template":"","meta":{"footnotes":""},"class_list":["post-3756","page","type-page","status-publish","hentry"],"_links":{"self":[{"href":"https:\/\/www.ecopreneur.cl\/en\/wp-json\/wp\/v2\/pages\/3756","targetHints":{"allow":["GET"]}}],"collection":[{"href":"https:\/\/www.ecopreneur.cl\/en\/wp-json\/wp\/v2\/pages"}],"about":[{"href":"https:\/\/www.ecopreneur.cl\/en\/wp-json\/wp\/v2\/types\/page"}],"author":[{"embeddable":true,"href":"https:\/\/www.ecopreneur.cl\/en\/wp-json\/wp\/v2\/users\/4"}],"replies":[{"embeddable":true,"href":"https:\/\/www.ecopreneur.cl\/en\/wp-json\/wp\/v2\/comments?post=3756"}],"version-history":[{"count":0,"href":"https:\/\/www.ecopreneur.cl\/en\/wp-json\/wp\/v2\/pages\/3756\/revisions"}],"wp:attachment":[{"href":"https:\/\/www.ecopreneur.cl\/en\/wp-json\/wp\/v2\/media?parent=3756"}],"curies":[{"name":"wp","href":"https:\/\/api.w.org\/{rel}","templated":true}]}}